{"id":4167,"date":"2023-03-09T10:28:04","date_gmt":"2023-03-09T09:28:04","guid":{"rendered":"https:\/\/www.luberon-biking.fr\/childrens-bike-rental\/"},"modified":"2023-03-14T07:41:20","modified_gmt":"2023-03-14T06:41:20","slug":"bike-for-all-family","status":"publish","type":"page","link":"https:\/\/www.luberon-biking.fr\/en\/bike-for-all-family\/","title":{"rendered":"Bike for all family"},"content":{"rendered":"<p><div class=\"fusion-fullwidth fullwidth-box fusion-builder-row-1 fusion-flex-container has-pattern-background has-mask-background nonhundred-percent-fullwidth non-hundred-percent-height-scrolling\" style=\"--awb-background-position:center bottom;--awb-background-blend-mode:lighten;--awb-border-radius-top-left:0px;--awb-border-radius-top-right:0px;--awb-border-radius-bottom-right:0px;--awb-border-radius-bottom-left:0px;--awb-padding-top:0px;--awb-padding-right:0px;--awb-padding-bottom:0px;--awb-padding-left:0px;--awb-margin-top:30px;--awb-margin-bottom:30px;--awb-background-color:var(--awb-color1);\" ><div class=\"fusion-builder-row fusion-row fusion-flex-align-items-flex-start\" style=\"max-width:1424.8px;margin-left: calc(-4% \/ 2 );margin-right: calc(-4% \/ 2 );\"><div class=\"fusion-layout-column fusion_builder_column fusion-builder-column-0 fusion_builder_column_1_3 1_3 fusion-flex-column fusion-animated\" style=\"--awb-padding-right:40px;--awb-overflow:hidden;--awb-bg-size:cover;--awb-border-radius:4px 4px 40px 4px;--awb-filter:saturate(100%);--awb-filter-transition:filter 0.3s ease;--awb-filter-hover:saturate(120%);--awb-width-large:33.333333333333%;--awb-margin-top-large:0px;--awb-spacing-right-large:5.76%;--awb-margin-bottom-large:20px;--awb-spacing-left-large:5.76%;--awb-width-medium:50%;--awb-order-medium:0;--awb-spacing-right-medium:3.84%;--awb-spacing-left-medium:3.84%;--awb-width-small:100%;--awb-order-small:0;--awb-spacing-right-small:1.92%;--awb-spacing-left-small:1.92%;\" data-animationType=\"fadeInUp\" data-animationDuration=\"1.0\" data-animationOffset=\"top-into-view\"><div class=\"fusion-column-wrapper fusion-column-has-shadow fusion-flex-justify-content-flex-end fusion-content-layout-column\"><div class=\"fusion-title title fusion-title-1 fusion-sep-none fusion-title-text fusion-title-size-two\" style=\"--awb-text-color:var(--awb-color3);--awb-margin-bottom:0px;--awb-font-size:18px;\"><h2 class=\"title-heading-left fusion-responsive-typography-calculated\" style=\"margin:0;font-size:1em;--fontSize:18;--minFontSize:18;line-height:var(--awb-typography1-line-height);\">SPECIALIZED Sirrus<\/h2><\/div><i class=\"fb-icon-element-1 fb-icon-element fontawesome-icon fitness-separator circle-no fusion-text-flow\" style=\"--awb-iconcolor:var(--awb-color3);--awb-iconcolor-hover:var(--awb-color3);--awb-font-size:40px;\"><\/i><div class=\"fusion-image-element \" style=\"--awb-caption-title-size:var(--h2_typography-font-size);--awb-caption-title-transform:var(--h2_typography-text-transform);--awb-caption-title-line-height:var(--h2_typography-line-height);--awb-caption-title-letter-spacing:var(--h2_typography-letter-spacing);\"><span class=\" fusion-imageframe imageframe-none imageframe-1 hover-type-none\" style=\"border-radius:10px;\"><a href=\"https:\/\/www.luberon-biking.fr\/wp-content\/uploads\/2023\/03\/5-14.jpg\" class=\"fusion-lightbox\" data-rel=\"iLightbox[d80e1c5a64dfebc4f0c]\" data-caption=\"????????????????????????????????????\" data-title=\"5-14\" title=\"5-14\"><img decoding=\"async\" width=\"499\" height=\"334\" src=\"https:\/\/www.luberon-biking.fr\/wp-content\/uploads\/2023\/03\/5-14.jpg\" data-orig-src=\"https:\/\/www.luberon-biking.fr\/wp-content\/uploads\/2023\/03\/5-14.jpg\" alt class=\"lazyload img-responsive wp-image-4063\" srcset=\"data:image\/svg+xml,%3Csvg%20xmlns%3D%27http%3A%2F%2Fwww.w3.org%2F2000%2Fsvg%27%20width%3D%27499%27%20height%3D%27334%27%20viewBox%3D%270%200%20499%20334%27%3E%3Crect%20width%3D%27499%27%20height%3D%27334%27%20fill-opacity%3D%220%22%2F%3E%3C%2Fsvg%3E\" data-srcset=\"https:\/\/www.luberon-biking.fr\/wp-content\/uploads\/2023\/03\/5-14-200x134.jpg 200w, https:\/\/www.luberon-biking.fr\/wp-content\/uploads\/2023\/03\/5-14-400x268.jpg 400w, https:\/\/www.luberon-biking.fr\/wp-content\/uploads\/2023\/03\/5-14.jpg 499w\" data-sizes=\"auto\" data-orig-sizes=\"(max-width: 1024px) 100vw, (max-width: 800px) 100vw, 400px\" \/><\/a><\/span><\/div><div class=\"fusion-separator fusion-full-width-sep\" style=\"align-self: center;margin-left: auto;margin-right: auto;margin-top:20px;width:100%;\"><\/div><div class=\"fusion-text fusion-text-1\" style=\"--awb-content-alignment:left;\"><p>On the road or on the small path, the Sirrus is the ideal companion for biking with family or friends<br \/>\nThe bikes are delivered with repair kit (tube and tire level set), pump, helmet, bar bags, lock water bottles and maps.<br \/>\n<a href=\"https:\/\/www.luberon-biking.fr\/wp-content\/uploads\/2023\/03\/78-537.pdf\" target=\"_blank\" rel=\"noopener\">Details<\/a><\/p>\n<\/div><\/div><\/div><div class=\"fusion-layout-column fusion_builder_column fusion-builder-column-1 fusion_builder_column_1_3 1_3 fusion-flex-column fusion-animated\" style=\"--awb-padding-right:40px;--awb-overflow:hidden;--awb-bg-size:cover;--awb-border-radius:4px 4px 40px 4px;--awb-filter:saturate(100%);--awb-filter-transition:filter 0.3s ease;--awb-filter-hover:saturate(120%);--awb-width-large:33.333333333333%;--awb-margin-top-large:0px;--awb-spacing-right-large:5.76%;--awb-margin-bottom-large:20px;--awb-spacing-left-large:5.76%;--awb-width-medium:50%;--awb-order-medium:0;--awb-spacing-right-medium:3.84%;--awb-spacing-left-medium:3.84%;--awb-width-small:100%;--awb-order-small:0;--awb-spacing-right-small:1.92%;--awb-spacing-left-small:1.92%;\" data-animationType=\"fadeInUp\" data-animationDuration=\"1.0\" data-animationOffset=\"top-into-view\"><div class=\"fusion-column-wrapper fusion-column-has-shadow fusion-flex-justify-content-flex-end fusion-content-layout-column\"><div class=\"fusion-title title fusion-title-2 fusion-sep-none fusion-title-text fusion-title-size-two\" style=\"--awb-text-color:var(--awb-color3);--awb-margin-bottom:0px;--awb-font-size:18px;\"><h2 class=\"title-heading-left fusion-responsive-typography-calculated\" style=\"margin:0;font-size:1em;--fontSize:18;--minFontSize:18;line-height:var(--awb-typography1-line-height);\">SPECIALIZED Rockhopper Expert<\/h2><\/div><i class=\"fb-icon-element-2 fb-icon-element fontawesome-icon fitness-separator circle-no fusion-text-flow\" style=\"--awb-iconcolor:var(--awb-color3);--awb-iconcolor-hover:var(--awb-color3);--awb-font-size:40px;\"><\/i><div class=\"fusion-image-element \" style=\"--awb-caption-title-size:var(--h2_typography-font-size);--awb-caption-title-transform:var(--h2_typography-text-transform);--awb-caption-title-line-height:var(--h2_typography-line-height);--awb-caption-title-letter-spacing:var(--h2_typography-letter-spacing);\"><span class=\" fusion-imageframe imageframe-none imageframe-2 hover-type-none\" style=\"border-radius:10px;\"><a href=\"https:\/\/www.luberon-biking.fr\/wp-content\/uploads\/2023\/03\/15-106.jpg\" class=\"fusion-lightbox\" data-rel=\"iLightbox[f1fa5cc42fce0c6977b]\" data-title=\"15-106\" title=\"15-106\"><img decoding=\"async\" width=\"640\" height=\"390\" src=\"https:\/\/www.luberon-biking.fr\/wp-content\/uploads\/2023\/03\/15-106.jpg\" data-orig-src=\"https:\/\/www.luberon-biking.fr\/wp-content\/uploads\/2023\/03\/15-106.jpg\" alt class=\"lazyload img-responsive wp-image-4594\" srcset=\"data:image\/svg+xml,%3Csvg%20xmlns%3D%27http%3A%2F%2Fwww.w3.org%2F2000%2Fsvg%27%20width%3D%27640%27%20height%3D%27390%27%20viewBox%3D%270%200%20640%20390%27%3E%3Crect%20width%3D%27640%27%20height%3D%27390%27%20fill-opacity%3D%220%22%2F%3E%3C%2Fsvg%3E\" data-srcset=\"https:\/\/www.luberon-biking.fr\/wp-content\/uploads\/2023\/03\/15-106-200x122.jpg 200w, https:\/\/www.luberon-biking.fr\/wp-content\/uploads\/2023\/03\/15-106-400x244.jpg 400w, https:\/\/www.luberon-biking.fr\/wp-content\/uploads\/2023\/03\/15-106-600x366.jpg 600w, https:\/\/www.luberon-biking.fr\/wp-content\/uploads\/2023\/03\/15-106.jpg 640w\" data-sizes=\"auto\" data-orig-sizes=\"(max-width: 1024px) 100vw, (max-width: 800px) 100vw, 400px\" \/><\/a><\/span><\/div><div class=\"fusion-separator fusion-full-width-sep\" style=\"align-self: center;margin-left: auto;margin-right: auto;margin-top:20px;width:100%;\"><\/div><div class=\"fusion-text fusion-text-2\" style=\"--awb-content-alignment:left;\"><p>Mountain Bike : disc break Shimano, supsension RockShox, big tyres 26 2.1 SHIMANO SLX . The best bike to Ride on Luberon single tracks.<br \/>\n<a href=\"https:\/\/www.luberon-biking.fr\/wp-content\/uploads\/2023\/03\/05-MTB-ROCKHOPPER-EXPERT2.pdf\" target=\"_blank\" rel=\"noopener\">See details<\/a><\/p>\n<\/div><\/div><\/div><div class=\"fusion-layout-column fusion_builder_column fusion-builder-column-2 fusion_builder_column_1_3 1_3 fusion-flex-column fusion-animated\" style=\"--awb-padding-right:40px;--awb-overflow:hidden;--awb-bg-size:cover;--awb-border-radius:4px 4px 40px 4px;--awb-filter:saturate(100%);--awb-filter-transition:filter 0.3s ease;--awb-filter-hover:saturate(120%);--awb-width-large:33.333333333333%;--awb-margin-top-large:0px;--awb-spacing-right-large:5.76%;--awb-margin-bottom-large:20px;--awb-spacing-left-large:5.76%;--awb-width-medium:50%;--awb-order-medium:0;--awb-spacing-right-medium:3.84%;--awb-spacing-left-medium:3.84%;--awb-width-small:100%;--awb-order-small:0;--awb-spacing-right-small:1.92%;--awb-spacing-left-small:1.92%;\" data-animationType=\"fadeInUp\" data-animationDuration=\"1.0\" data-animationOffset=\"top-into-view\"><div class=\"fusion-column-wrapper fusion-column-has-shadow fusion-flex-justify-content-flex-end fusion-content-layout-column\"><div class=\"fusion-title title fusion-title-3 fusion-sep-none fusion-title-text fusion-title-size-two\" style=\"--awb-text-color:var(--awb-color3);--awb-margin-bottom:0px;--awb-font-size:18px;\"><h2 class=\"title-heading-left fusion-responsive-typography-calculated\" style=\"margin:0;font-size:1em;--fontSize:18;--minFontSize:18;line-height:var(--awb-typography1-line-height);\">Trailer bike Taguelone<\/h2><\/div><i class=\"fb-icon-element-3 fb-icon-element fontawesome-icon fitness-separator circle-no fusion-text-flow\" style=\"--awb-iconcolor:var(--awb-color3);--awb-iconcolor-hover:var(--awb-color3);--awb-font-size:40px;\"><\/i><div class=\"fusion-image-element \" style=\"--awb-caption-title-size:var(--h2_typography-font-size);--awb-caption-title-transform:var(--h2_typography-text-transform);--awb-caption-title-line-height:var(--h2_typography-line-height);--awb-caption-title-letter-spacing:var(--h2_typography-letter-spacing);\"><span class=\" fusion-imageframe imageframe-none imageframe-3 hover-type-none\" style=\"border-radius:10px;\"><a href=\"https:\/\/www.luberon-biking.fr\/wp-content\/uploads\/2023\/03\/7-32.jpg\" class=\"fusion-lightbox\" data-rel=\"iLightbox[8dc887cf8f515beb53b]\" data-title=\"Troisi\u00e8me roue\" title=\"Troisi\u00e8me roue\"><img decoding=\"async\" width=\"490\" height=\"283\" src=\"https:\/\/www.luberon-biking.fr\/wp-content\/uploads\/2023\/03\/7-32.jpg\" data-orig-src=\"https:\/\/www.luberon-biking.fr\/wp-content\/uploads\/2023\/03\/7-32.jpg\" alt class=\"lazyload img-responsive wp-image-4091\" srcset=\"data:image\/svg+xml,%3Csvg%20xmlns%3D%27http%3A%2F%2Fwww.w3.org%2F2000%2Fsvg%27%20width%3D%27490%27%20height%3D%27283%27%20viewBox%3D%270%200%20490%20283%27%3E%3Crect%20width%3D%27490%27%20height%3D%27283%27%20fill-opacity%3D%220%22%2F%3E%3C%2Fsvg%3E\" data-srcset=\"https:\/\/www.luberon-biking.fr\/wp-content\/uploads\/2023\/03\/7-32-200x116.jpg 200w, https:\/\/www.luberon-biking.fr\/wp-content\/uploads\/2023\/03\/7-32-400x231.jpg 400w, https:\/\/www.luberon-biking.fr\/wp-content\/uploads\/2023\/03\/7-32.jpg 490w\" data-sizes=\"auto\" data-orig-sizes=\"(max-width: 1024px) 100vw, (max-width: 800px) 100vw, 400px\" \/><\/a><\/span><\/div><div class=\"fusion-separator fusion-full-width-sep\" style=\"align-self: center;margin-left: auto;margin-right: auto;margin-top:20px;width:100%;\"><\/div><div class=\"fusion-text fusion-text-3\" style=\"--awb-content-alignment:left;\"><p>From 4 years-old, ideal if you want your child to participate actively.<\/p>\n<\/div><\/div><\/div><\/div><\/div><div class=\"fusion-fullwidth fullwidth-box fusion-builder-row-2 fusion-flex-container has-pattern-background has-mask-background nonhundred-percent-fullwidth non-hundred-percent-height-scrolling\" style=\"--awb-background-position:center bottom;--awb-background-blend-mode:lighten;--awb-border-radius-top-left:0px;--awb-border-radius-top-right:0px;--awb-border-radius-bottom-right:0px;--awb-border-radius-bottom-left:0px;--awb-padding-top:0px;--awb-padding-right:0px;--awb-padding-bottom:0px;--awb-padding-left:0px;--awb-margin-top:30px;--awb-margin-bottom:30px;--awb-background-color:var(--awb-color1);\" ><div class=\"fusion-builder-row fusion-row fusion-flex-align-items-flex-start\" style=\"max-width:1424.8px;margin-left: calc(-4% \/ 2 );margin-right: calc(-4% \/ 2 );\"><div class=\"fusion-layout-column fusion_builder_column fusion-builder-column-3 fusion_builder_column_1_3 1_3 fusion-flex-column fusion-animated\" style=\"--awb-padding-right:40px;--awb-overflow:hidden;--awb-bg-size:cover;--awb-border-radius:4px 4px 40px 4px;--awb-filter:saturate(100%);--awb-filter-transition:filter 0.3s ease;--awb-filter-hover:saturate(120%);--awb-width-large:33.333333333333%;--awb-margin-top-large:0px;--awb-spacing-right-large:5.76%;--awb-margin-bottom-large:20px;--awb-spacing-left-large:5.76%;--awb-width-medium:50%;--awb-order-medium:0;--awb-spacing-right-medium:3.84%;--awb-spacing-left-medium:3.84%;--awb-width-small:100%;--awb-order-small:0;--awb-spacing-right-small:1.92%;--awb-spacing-left-small:1.92%;\" data-animationType=\"fadeInUp\" data-animationDuration=\"1.0\" data-animationOffset=\"top-into-view\"><div class=\"fusion-column-wrapper fusion-column-has-shadow fusion-flex-justify-content-flex-end fusion-content-layout-column\"><div class=\"fusion-title title fusion-title-4 fusion-sep-none fusion-title-text fusion-title-size-two\" style=\"--awb-text-color:var(--awb-color3);--awb-margin-bottom:0px;--awb-font-size:18px;\"><h2 class=\"title-heading-left fusion-responsive-typography-calculated\" style=\"margin:0;font-size:1em;--fontSize:18;--minFontSize:18;line-height:var(--awb-typography1-line-height);\">Children Bike<\/h2><\/div><i class=\"fb-icon-element-4 fb-icon-element fontawesome-icon fitness-separator circle-no fusion-text-flow\" style=\"--awb-iconcolor:var(--awb-color3);--awb-iconcolor-hover:var(--awb-color3);--awb-font-size:40px;\"><\/i><div class=\"fusion-image-element \" style=\"--awb-caption-title-size:var(--h2_typography-font-size);--awb-caption-title-transform:var(--h2_typography-text-transform);--awb-caption-title-line-height:var(--h2_typography-line-height);--awb-caption-title-letter-spacing:var(--h2_typography-letter-spacing);\"><span class=\" fusion-imageframe imageframe-none imageframe-4 hover-type-none\" style=\"border-radius:10px;\"><a href=\"https:\/\/www.luberon-biking.fr\/wp-content\/uploads\/2023\/03\/15-70.jpg\" class=\"fusion-lightbox\" data-rel=\"iLightbox[0de7308bf9608489bad]\" data-title=\"15-70\" title=\"15-70\"><img decoding=\"async\" width=\"713\" height=\"470\" src=\"https:\/\/www.luberon-biking.fr\/wp-content\/uploads\/2023\/03\/15-70.jpg\" data-orig-src=\"https:\/\/www.luberon-biking.fr\/wp-content\/uploads\/2023\/03\/15-70.jpg\" alt class=\"lazyload img-responsive wp-image-4599\" srcset=\"data:image\/svg+xml,%3Csvg%20xmlns%3D%27http%3A%2F%2Fwww.w3.org%2F2000%2Fsvg%27%20width%3D%27713%27%20height%3D%27470%27%20viewBox%3D%270%200%20713%20470%27%3E%3Crect%20width%3D%27713%27%20height%3D%27470%27%20fill-opacity%3D%220%22%2F%3E%3C%2Fsvg%3E\" data-srcset=\"https:\/\/www.luberon-biking.fr\/wp-content\/uploads\/2023\/03\/15-70-200x132.jpg 200w, https:\/\/www.luberon-biking.fr\/wp-content\/uploads\/2023\/03\/15-70-400x264.jpg 400w, https:\/\/www.luberon-biking.fr\/wp-content\/uploads\/2023\/03\/15-70-600x396.jpg 600w, https:\/\/www.luberon-biking.fr\/wp-content\/uploads\/2023\/03\/15-70.jpg 713w\" data-sizes=\"auto\" data-orig-sizes=\"(max-width: 1024px) 100vw, (max-width: 800px) 100vw, 400px\" \/><\/a><\/span><\/div><div class=\"fusion-separator fusion-full-width-sep\" style=\"align-self: center;margin-left: auto;margin-right: auto;margin-top:20px;width:100%;\"><\/div><div class=\"fusion-text fusion-text-4\" style=\"--awb-content-alignment:left;\"><p>From 3 till 12 years old : MTB Lapierre 16, 20 and 24 inches, V-brake, suspension and speed.<br \/>\nBike 16 inches with training wheels &#8230; easy for learning.<br \/>\nMountain bike Lapierre 20 &amp; 24 inches &#8230; from 6 years old to ride like a grown-up : V-brake, suspension, 18 speed.<\/p>\n<\/div><\/div><\/div><div class=\"fusion-layout-column fusion_builder_column fusion-builder-column-4 fusion_builder_column_1_3 1_3 fusion-flex-column fusion-animated\" style=\"--awb-padding-right:40px;--awb-overflow:hidden;--awb-bg-size:cover;--awb-border-radius:4px 4px 40px 4px;--awb-filter:saturate(100%);--awb-filter-transition:filter 0.3s ease;--awb-filter-hover:saturate(120%);--awb-width-large:33.333333333333%;--awb-margin-top-large:0px;--awb-spacing-right-large:5.76%;--awb-margin-bottom-large:20px;--awb-spacing-left-large:5.76%;--awb-width-medium:50%;--awb-order-medium:0;--awb-spacing-right-medium:3.84%;--awb-spacing-left-medium:3.84%;--awb-width-small:100%;--awb-order-small:0;--awb-spacing-right-small:1.92%;--awb-spacing-left-small:1.92%;\" data-animationType=\"fadeInUp\" data-animationDuration=\"1.0\" data-animationOffset=\"top-into-view\"><div class=\"fusion-column-wrapper fusion-column-has-shadow fusion-flex-justify-content-flex-end fusion-content-layout-column\"><div class=\"fusion-title title fusion-title-5 fusion-sep-none fusion-title-text fusion-title-size-two\" style=\"--awb-text-color:var(--awb-color3);--awb-margin-bottom:0px;--awb-font-size:18px;\"><h2 class=\"title-heading-left fusion-responsive-typography-calculated\" style=\"margin:0;font-size:1em;--fontSize:18;--minFontSize:18;line-height:var(--awb-typography1-line-height);\">Dandy horse<\/h2><\/div><i class=\"fb-icon-element-5 fb-icon-element fontawesome-icon fitness-separator circle-no fusion-text-flow\" style=\"--awb-iconcolor:var(--awb-color3);--awb-iconcolor-hover:var(--awb-color3);--awb-font-size:40px;\"><\/i><div class=\"fusion-image-element \" style=\"--awb-caption-title-size:var(--h2_typography-font-size);--awb-caption-title-transform:var(--h2_typography-text-transform);--awb-caption-title-line-height:var(--h2_typography-line-height);--awb-caption-title-letter-spacing:var(--h2_typography-letter-spacing);\"><span class=\" fusion-imageframe imageframe-none imageframe-5 hover-type-none\" style=\"border-radius:10px;\"><a href=\"https:\/\/www.luberon-biking.fr\/wp-content\/uploads\/2023\/03\/7-31.jpg\" class=\"fusion-lightbox\" data-rel=\"iLightbox[43f812de324a0d9c79d]\" data-title=\"Draisiennes\" title=\"Draisiennes\"><img decoding=\"async\" width=\"493\" height=\"367\" src=\"https:\/\/www.luberon-biking.fr\/wp-content\/uploads\/2023\/03\/7-31.jpg\" data-orig-src=\"https:\/\/www.luberon-biking.fr\/wp-content\/uploads\/2023\/03\/7-31.jpg\" alt class=\"lazyload img-responsive wp-image-4090\" srcset=\"data:image\/svg+xml,%3Csvg%20xmlns%3D%27http%3A%2F%2Fwww.w3.org%2F2000%2Fsvg%27%20width%3D%27493%27%20height%3D%27367%27%20viewBox%3D%270%200%20493%20367%27%3E%3Crect%20width%3D%27493%27%20height%3D%27367%27%20fill-opacity%3D%220%22%2F%3E%3C%2Fsvg%3E\" data-srcset=\"https:\/\/www.luberon-biking.fr\/wp-content\/uploads\/2023\/03\/7-31-200x149.jpg 200w, https:\/\/www.luberon-biking.fr\/wp-content\/uploads\/2023\/03\/7-31-400x298.jpg 400w, https:\/\/www.luberon-biking.fr\/wp-content\/uploads\/2023\/03\/7-31.jpg 493w\" data-sizes=\"auto\" data-orig-sizes=\"(max-width: 1024px) 100vw, (max-width: 800px) 100vw, 400px\" \/><\/a><\/span><\/div><div class=\"fusion-separator fusion-full-width-sep\" style=\"align-self: center;margin-left: auto;margin-right: auto;margin-top:20px;width:100%;\"><\/div><div class=\"fusion-text fusion-text-5\" style=\"--awb-content-alignment:left;\"><p>For beginners, from 2 years-old. Aluminium or wood bikes.<\/p>\n<\/div><\/div><\/div><div class=\"fusion-layout-column fusion_builder_column fusion-builder-column-5 fusion_builder_column_1_3 1_3 fusion-flex-column fusion-animated\" style=\"--awb-padding-right:40px;--awb-overflow:hidden;--awb-bg-size:cover;--awb-border-radius:4px 4px 40px 4px;--awb-filter:saturate(100%);--awb-filter-transition:filter 0.3s ease;--awb-filter-hover:saturate(120%);--awb-width-large:33.333333333333%;--awb-margin-top-large:0px;--awb-spacing-right-large:5.76%;--awb-margin-bottom-large:20px;--awb-spacing-left-large:5.76%;--awb-width-medium:50%;--awb-order-medium:0;--awb-spacing-right-medium:3.84%;--awb-spacing-left-medium:3.84%;--awb-width-small:100%;--awb-order-small:0;--awb-spacing-right-small:1.92%;--awb-spacing-left-small:1.92%;\" data-animationType=\"fadeInUp\" data-animationDuration=\"1.0\" data-animationOffset=\"top-into-view\"><div class=\"fusion-column-wrapper fusion-column-has-shadow fusion-flex-justify-content-flex-end fusion-content-layout-column\"><div class=\"fusion-title title fusion-title-6 fusion-sep-none fusion-title-text fusion-title-size-two\" style=\"--awb-text-color:var(--awb-color3);--awb-margin-bottom:0px;--awb-font-size:18px;\"><h2 class=\"title-heading-left fusion-responsive-typography-calculated\" style=\"margin:0;font-size:1em;--fontSize:18;--minFontSize:18;line-height:var(--awb-typography1-line-height);\">Child seat<\/h2><\/div><i class=\"fb-icon-element-6 fb-icon-element fontawesome-icon fitness-separator circle-no fusion-text-flow\" style=\"--awb-iconcolor:var(--awb-color3);--awb-iconcolor-hover:var(--awb-color3);--awb-font-size:40px;\"><\/i><div class=\"fusion-image-element \" style=\"--awb-caption-title-size:var(--h2_typography-font-size);--awb-caption-title-transform:var(--h2_typography-text-transform);--awb-caption-title-line-height:var(--h2_typography-line-height);--awb-caption-title-letter-spacing:var(--h2_typography-letter-spacing);\"><span class=\" fusion-imageframe imageframe-none imageframe-6 hover-type-none\" style=\"border-radius:10px;\"><a href=\"https:\/\/www.luberon-biking.fr\/wp-content\/uploads\/2023\/03\/7-30.jpg\" class=\"fusion-lightbox\" data-rel=\"iLightbox[b1d44835d2e248dd32f]\" data-title=\"Si\u00e8ge b\u00e9b\u00e9\" title=\"Si\u00e8ge b\u00e9b\u00e9\"><img decoding=\"async\" width=\"473\" height=\"349\" src=\"https:\/\/www.luberon-biking.fr\/wp-content\/uploads\/2023\/03\/7-30.jpg\" data-orig-src=\"https:\/\/www.luberon-biking.fr\/wp-content\/uploads\/2023\/03\/7-30.jpg\" alt class=\"lazyload img-responsive wp-image-4089\" srcset=\"data:image\/svg+xml,%3Csvg%20xmlns%3D%27http%3A%2F%2Fwww.w3.org%2F2000%2Fsvg%27%20width%3D%27473%27%20height%3D%27349%27%20viewBox%3D%270%200%20473%20349%27%3E%3Crect%20width%3D%27473%27%20height%3D%27349%27%20fill-opacity%3D%220%22%2F%3E%3C%2Fsvg%3E\" data-srcset=\"https:\/\/www.luberon-biking.fr\/wp-content\/uploads\/2023\/03\/7-30-200x148.jpg 200w, https:\/\/www.luberon-biking.fr\/wp-content\/uploads\/2023\/03\/7-30-400x295.jpg 400w, https:\/\/www.luberon-biking.fr\/wp-content\/uploads\/2023\/03\/7-30.jpg 473w\" data-sizes=\"auto\" data-orig-sizes=\"(max-width: 1024px) 100vw, (max-width: 800px) 100vw, 400px\" \/><\/a><\/span><\/div><div class=\"fusion-separator fusion-full-width-sep\" style=\"align-self: center;margin-left: auto;margin-right: auto;margin-top:20px;width:100%;\"><\/div><div class=\"fusion-text fusion-text-6\" style=\"--awb-content-alignment:left;\"><p>From the age of 1, as soon as the child can sit up, until around 3 years old.<\/p>\n<\/div><\/div><\/div><\/div><\/div><\/p>\n","protected":false},"excerpt":{"rendered":"","protected":false},"author":1,"featured_media":0,"parent":0,"menu_order":0,"comment_status":"closed","ping_status":"closed","template":"100-width.php","meta":{"footnotes":""},"class_list":["post-4167","page","type-page","status-publish","hentry"],"_links":{"self":[{"href":"https:\/\/www.luberon-biking.fr\/en\/wp-json\/wp\/v2\/pages\/4167","targetHints":{"allow":["GET"]}}],"collection":[{"href":"https:\/\/www.luberon-biking.fr\/en\/wp-json\/wp\/v2\/pages"}],"about":[{"href":"https:\/\/www.luberon-biking.fr\/en\/wp-json\/wp\/v2\/types\/page"}],"author":[{"embeddable":true,"href":"https:\/\/www.luberon-biking.fr\/en\/wp-json\/wp\/v2\/users\/1"}],"replies":[{"embeddable":true,"href":"https:\/\/www.luberon-biking.fr\/en\/wp-json\/wp\/v2\/comments?post=4167"}],"version-history":[{"count":18,"href":"https:\/\/www.luberon-biking.fr\/en\/wp-json\/wp\/v2\/pages\/4167\/revisions"}],"predecessor-version":[{"id":4604,"href":"https:\/\/www.luberon-biking.fr\/en\/wp-json\/wp\/v2\/pages\/4167\/revisions\/4604"}],"wp:attachment":[{"href":"https:\/\/www.luberon-biking.fr\/en\/wp-json\/wp\/v2\/media?parent=4167"}],"curies":[{"name":"wp","href":"https:\/\/api.w.org\/{rel}","templated":true}]}}